{"id":29,"date":"2025-11-01T18:44:07","date_gmt":"2025-11-01T18:44:07","guid":{"rendered":"https:\/\/conttechcontabilidade.com\/?page_id=29"},"modified":"2026-02-24T18:21:13","modified_gmt":"2026-02-24T18:21:13","slug":"servicos","status":"publish","type":"page","link":"https:\/\/conttechcontabilidade.com\/?page_id=29","title":{"rendered":"Nossos servi\u00e7os"},"content":{"rendered":"\t\t<div data-elementor-type=\"wp-page\" data-elementor-id=\"29\" class=\"elementor elementor-29\">\n\t\t\t\t<div class=\"elementor-element elementor-element-4fbd2a9 e-flex e-con-boxed e-con e-parent\" data-id=\"4fbd2a9\" data-element_type=\"container\" data-e-type=\"container\">\n\t\t\t\t\t<div class=\"e-con-inner\">\n\t\t\t\t<div class=\"elementor-element elementor-element-bb63e71 elementor-widget elementor-widget-heading\" data-id=\"bb63e71\" data-element_type=\"widget\" data-e-type=\"widget\" data-widget_type=\"heading.default\">\n\t\t\t\t\t<h2 class=\"elementor-heading-title elementor-size-default\">Nossos servi\u00e7os <\/h2>\t\t\t\t<\/div>\n\t\t\t\t\t<\/div>\n\t\t\t\t<\/div>\n\t\t<div class=\"elementor-element elementor-element-5cc646e e-flex e-con-boxed e-con e-parent\" data-id=\"5cc646e\" data-element_type=\"container\" data-e-type=\"container\" data-settings=\"{&quot;background_background&quot;:&quot;slideshow&quot;,&quot;background_slideshow_gallery&quot;:[{&quot;id&quot;:66,&quot;url&quot;:&quot;https:\\\/\\\/conttechcontabilidade.com\\\/wp-content\\\/uploads\\\/2025\\\/11\\\/2.jpg&quot;}],&quot;background_slideshow_loop&quot;:&quot;yes&quot;,&quot;background_slideshow_slide_duration&quot;:5000,&quot;background_slideshow_slide_transition&quot;:&quot;fade&quot;,&quot;background_slideshow_transition_duration&quot;:500}\">\n\t\t\t\t\t<div class=\"e-con-inner\">\n\t\t\t\t\t<\/div>\n\t\t\t\t<\/div>\n\t\t<div class=\"elementor-element elementor-element-93574c3 e-flex e-con-boxed e-con e-parent\" data-id=\"93574c3\" data-element_type=\"container\" data-e-type=\"container\" data-settings=\"{&quot;background_background&quot;:&quot;classic&quot;}\">\n\t\t\t\t\t<div class=\"e-con-inner\">\n\t\t<div class=\"elementor-element elementor-element-450867a e-con-full e-flex e-con e-child\" data-id=\"450867a\" data-element_type=\"container\" data-e-type=\"container\">\n\t\t<div class=\"elementor-element elementor-element-867743e e-con-full e-flex e-con e-child\" data-id=\"867743e\" data-element_type=\"container\" data-e-type=\"container\">\n\t\t\t\t<div class=\"elementor-element elementor-element-e9d18eb elementor-widget elementor-widget-heading\" data-id=\"e9d18eb\" data-element_type=\"widget\" data-e-type=\"widget\" data-widget_type=\"heading.default\">\n\t\t\t\t\t<h2 class=\"elementor-heading-title elementor-size-default\">Contabilidade Geral<\/h2>\t\t\t\t<\/div>\n\t\t\t\t<div class=\"elementor-element elementor-element-593bdf1 elementor-widget elementor-widget-text-editor\" data-id=\"593bdf1\" data-element_type=\"widget\" data-e-type=\"widget\" data-widget_type=\"text-editor.default\">\n\t\t\t\t\t\t\t\t\t<ul><li data-start=\"308\" data-end=\"342\"><p data-start=\"310\" data-end=\"342\">Escritura\u00e7\u00e3o cont\u00e1bil completa<\/p><\/li><li data-start=\"343\" data-end=\"386\"><p data-start=\"345\" data-end=\"386\">Elabora\u00e7\u00e3o do Balan\u00e7o Patrimonial e DRE<\/p><\/li><li data-start=\"387\" data-end=\"420\"><p data-start=\"389\" data-end=\"420\">Controle de ativo imobilizado<\/p><\/li><li data-start=\"421\" data-end=\"461\"><p data-start=\"423\" data-end=\"461\">Concilia\u00e7\u00e3o e classifica\u00e7\u00e3o cont\u00e1bil<\/p><\/li><li data-start=\"462\" data-end=\"527\"><p data-start=\"464\" data-end=\"527\">Emiss\u00e3o de relat\u00f3rios gerenciais e demonstrativos financeiros<\/p><\/li><\/ul>\t\t\t\t\t\t\t\t<\/div>\n\t\t\t\t<\/div>\n\t\t<div class=\"elementor-element elementor-element-0b610b9 e-con-full e-flex e-con e-child\" data-id=\"0b610b9\" data-element_type=\"container\" data-e-type=\"container\">\n\t\t\t\t<div class=\"elementor-element elementor-element-c6c7935 elementor-widget elementor-widget-image\" data-id=\"c6c7935\" data-element_type=\"widget\" data-e-type=\"widget\" data-widget_type=\"image.default\">\n\t\t\t\t\t\t\t\t\t\t\t\t\t\t\t<img fetchpriority=\"high\" decoding=\"async\" width=\"563\" height=\"375\" src=\"https:\/\/conttechcontabilidade.com\/wp-content\/uploads\/2025\/11\/eeca4b81473da794381c66f8ffd3d56f.jpg\" class=\"attachment-large size-large wp-image-250\" alt=\"\" srcset=\"https:\/\/conttechcontabilidade.com\/wp-content\/uploads\/2025\/11\/eeca4b81473da794381c66f8ffd3d56f.jpg 563w, https:\/\/conttechcontabilidade.com\/wp-content\/uploads\/2025\/11\/eeca4b81473da794381c66f8ffd3d56f-300x200.jpg 300w\" sizes=\"(max-width: 563px) 100vw, 563px\" \/>\t\t\t\t\t\t\t\t\t\t\t\t\t\t\t<\/div>\n\t\t\t\t<\/div>\n\t\t\t\t<\/div>\n\t\t\t\t\t<\/div>\n\t\t\t\t<\/div>\n\t\t<div class=\"elementor-element elementor-element-7f7076d e-flex e-con-boxed e-con e-parent\" data-id=\"7f7076d\" data-element_type=\"container\" data-e-type=\"container\">\n\t\t\t\t\t<div class=\"e-con-inner\">\n\t\t<div class=\"elementor-element elementor-element-731e363 e-con-full e-flex e-con e-child\" data-id=\"731e363\" data-element_type=\"container\" data-e-type=\"container\">\n\t\t<div class=\"elementor-element elementor-element-26315ca e-con-full e-flex e-con e-child\" data-id=\"26315ca\" data-element_type=\"container\" data-e-type=\"container\">\n\t\t\t\t<div class=\"elementor-element elementor-element-7ab6ce2 elementor-widget elementor-widget-image\" data-id=\"7ab6ce2\" data-element_type=\"widget\" data-e-type=\"widget\" data-widget_type=\"image.default\">\n\t\t\t\t\t\t\t\t\t\t\t\t\t\t\t<img decoding=\"async\" width=\"800\" height=\"578\" src=\"https:\/\/conttechcontabilidade.com\/wp-content\/uploads\/2025\/11\/5306eff4dcefeeea1957f849c2bb0f19-1024x740.jpg\" class=\"attachment-large size-large wp-image-251\" alt=\"\" srcset=\"https:\/\/conttechcontabilidade.com\/wp-content\/uploads\/2025\/11\/5306eff4dcefeeea1957f849c2bb0f19-1024x740.jpg 1024w, https:\/\/conttechcontabilidade.com\/wp-content\/uploads\/2025\/11\/5306eff4dcefeeea1957f849c2bb0f19-300x217.jpg 300w, https:\/\/conttechcontabilidade.com\/wp-content\/uploads\/2025\/11\/5306eff4dcefeeea1957f849c2bb0f19-768x555.jpg 768w, https:\/\/conttechcontabilidade.com\/wp-content\/uploads\/2025\/11\/5306eff4dcefeeea1957f849c2bb0f19.jpg 1199w\" sizes=\"(max-width: 800px) 100vw, 800px\" \/>\t\t\t\t\t\t\t\t\t\t\t\t\t\t\t<\/div>\n\t\t\t\t<\/div>\n\t\t<div class=\"elementor-element elementor-element-4437775 e-con-full e-flex e-con e-child\" data-id=\"4437775\" data-element_type=\"container\" data-e-type=\"container\">\n\t\t\t\t<div class=\"elementor-element elementor-element-220529d elementor-widget elementor-widget-heading\" data-id=\"220529d\" data-element_type=\"widget\" data-e-type=\"widget\" data-widget_type=\"heading.default\">\n\t\t\t\t\t<h2 class=\"elementor-heading-title elementor-size-default\">\u00c1rea Fiscal e Tribut\u00e1ria<\/h2>\t\t\t\t<\/div>\n\t\t<div class=\"elementor-element elementor-element-2c8da78 e-con-full e-flex e-con e-child\" data-id=\"2c8da78\" data-element_type=\"container\" data-e-type=\"container\">\n\t\t\t\t<div class=\"elementor-element elementor-element-02cedb0 elementor-widget elementor-widget-text-editor\" data-id=\"02cedb0\" data-element_type=\"widget\" data-e-type=\"widget\" data-widget_type=\"text-editor.default\">\n\t\t\t\t\t\t\t\t\t<ul>\n<li data-start=\"570\" data-end=\"643\">\n<p data-start=\"572\" data-end=\"643\">Apura\u00e7\u00e3o de tributos&nbsp;<\/p>\n<\/li>\n<li data-start=\"644\" data-end=\"717\">\n<p data-start=\"646\" data-end=\"717\">Entrega de obriga\u00e7\u00f5es acess\u00f3rias (SPED, EFD, DCTF, DIRF, DEFIS, etc.)<\/p>\n<\/li>\n<li data-start=\"718\" data-end=\"774\">\n<p data-start=\"720\" data-end=\"774\">Planejamento tribut\u00e1rio para redu\u00e7\u00e3o de carga fiscal<\/p>\n<\/li>\n<li data-start=\"775\" data-end=\"845\">\n<p data-start=\"777\" data-end=\"845\">Emiss\u00e3o e orienta\u00e7\u00e3o sobre notas fiscais eletr\u00f4nicas (NF-e, NFS-e)<\/p>\n<\/li>\n<li data-start=\"846\" data-end=\"901\">\n<p data-start=\"848\" data-end=\"901\">Regulariza\u00e7\u00e3o de pend\u00eancias fiscais e parcelamentos<\/p>\n<\/li>\n<\/ul>\t\t\t\t\t\t\t\t<\/div>\n\t\t\t\t<\/div>\n\t\t\t\t<\/div>\n\t\t\t\t<\/div>\n\t\t\t\t\t<\/div>\n\t\t\t\t<\/div>\n\t\t<div class=\"elementor-element elementor-element-87b69b9 e-flex e-con-boxed e-con e-parent\" data-id=\"87b69b9\" data-element_type=\"container\" data-e-type=\"container\" data-settings=\"{&quot;background_background&quot;:&quot;classic&quot;}\">\n\t\t\t\t\t<div class=\"e-con-inner\">\n\t\t<div class=\"elementor-element elementor-element-991a00e e-con-full e-flex e-con e-child\" data-id=\"991a00e\" data-element_type=\"container\" data-e-type=\"container\">\n\t\t<div class=\"elementor-element elementor-element-183d325 e-con-full e-flex e-con e-child\" data-id=\"183d325\" data-element_type=\"container\" data-e-type=\"container\">\n\t\t\t\t<div class=\"elementor-element elementor-element-94c186a elementor-widget elementor-widget-heading\" data-id=\"94c186a\" data-element_type=\"widget\" data-e-type=\"widget\" data-widget_type=\"heading.default\">\n\t\t\t\t\t<h2 class=\"elementor-heading-title elementor-size-default\">Departamento Pessoa<\/h2>\t\t\t\t<\/div>\n\t\t\t\t<div class=\"elementor-element elementor-element-7caac62 elementor-widget elementor-widget-text-editor\" data-id=\"7caac62\" data-element_type=\"widget\" data-e-type=\"widget\" data-widget_type=\"text-editor.default\">\n\t\t\t\t\t\t\t\t\t<ul><li data-start=\"940\" data-end=\"979\"><p data-start=\"942\" data-end=\"979\">Admiss\u00e3o e demiss\u00e3o de funcion\u00e1rios<\/p><\/li><li data-start=\"980\" data-end=\"1021\"><p data-start=\"982\" data-end=\"1021\">Folha de pagamento e encargos sociais<\/p><\/li><li data-start=\"1022\" data-end=\"1067\"><p data-start=\"1024\" data-end=\"1067\">eSocial e obriga\u00e7\u00f5es trabalhistas mensais<\/p><\/li><li data-start=\"1068\" data-end=\"1109\"><p data-start=\"1070\" data-end=\"1109\">Emiss\u00e3o de pr\u00f3-labore e guias de INSS<\/p><\/li><li data-start=\"1110\" data-end=\"1154\"><p data-start=\"1112\" data-end=\"1154\">Consultoria trabalhista e previdenci\u00e1ria<\/p><\/li><\/ul>\t\t\t\t\t\t\t\t<\/div>\n\t\t\t\t<\/div>\n\t\t<div class=\"elementor-element elementor-element-7ca8597 e-con-full e-flex e-con e-child\" data-id=\"7ca8597\" data-element_type=\"container\" data-e-type=\"container\">\n\t\t\t\t<div class=\"elementor-element elementor-element-7ee27a6 elementor-widget elementor-widget-image\" data-id=\"7ee27a6\" data-element_type=\"widget\" data-e-type=\"widget\" data-widget_type=\"image.default\">\n\t\t\t\t\t\t\t\t\t\t\t\t\t\t\t<img decoding=\"async\" width=\"736\" height=\"736\" src=\"https:\/\/conttechcontabilidade.com\/wp-content\/uploads\/2025\/11\/850b60894003c356e8cca7cd6337607f.jpg\" class=\"attachment-large size-large wp-image-252\" alt=\"\" srcset=\"https:\/\/conttechcontabilidade.com\/wp-content\/uploads\/2025\/11\/850b60894003c356e8cca7cd6337607f.jpg 736w, https:\/\/conttechcontabilidade.com\/wp-content\/uploads\/2025\/11\/850b60894003c356e8cca7cd6337607f-300x300.jpg 300w, https:\/\/conttechcontabilidade.com\/wp-content\/uploads\/2025\/11\/850b60894003c356e8cca7cd6337607f-150x150.jpg 150w\" sizes=\"(max-width: 736px) 100vw, 736px\" \/>\t\t\t\t\t\t\t\t\t\t\t\t\t\t\t<\/div>\n\t\t\t\t<\/div>\n\t\t\t\t<\/div>\n\t\t\t\t\t<\/div>\n\t\t\t\t<\/div>\n\t\t<div class=\"elementor-element elementor-element-e337109 e-flex e-con-boxed e-con e-parent\" data-id=\"e337109\" data-element_type=\"container\" data-e-type=\"container\">\n\t\t\t\t\t<div class=\"e-con-inner\">\n\t\t<div class=\"elementor-element elementor-element-8a5a049 e-con-full e-flex e-con e-child\" data-id=\"8a5a049\" data-element_type=\"container\" data-e-type=\"container\">\n\t\t<div class=\"elementor-element elementor-element-91f8feb e-con-full e-flex e-con e-child\" data-id=\"91f8feb\" data-element_type=\"container\" data-e-type=\"container\">\n\t\t\t\t<div class=\"elementor-element elementor-element-e15502d elementor-widget elementor-widget-image\" data-id=\"e15502d\" data-element_type=\"widget\" data-e-type=\"widget\" data-widget_type=\"image.default\">\n\t\t\t\t\t\t\t\t\t\t\t\t\t\t\t<img loading=\"lazy\" decoding=\"async\" width=\"800\" height=\"534\" src=\"https:\/\/conttechcontabilidade.com\/wp-content\/uploads\/2025\/11\/c9590049081498dca290183b7847f51d-1024x683.jpg\" class=\"attachment-large size-large wp-image-253\" alt=\"\" srcset=\"https:\/\/conttechcontabilidade.com\/wp-content\/uploads\/2025\/11\/c9590049081498dca290183b7847f51d-1024x683.jpg 1024w, https:\/\/conttechcontabilidade.com\/wp-content\/uploads\/2025\/11\/c9590049081498dca290183b7847f51d-300x200.jpg 300w, https:\/\/conttechcontabilidade.com\/wp-content\/uploads\/2025\/11\/c9590049081498dca290183b7847f51d-768x512.jpg 768w, https:\/\/conttechcontabilidade.com\/wp-content\/uploads\/2025\/11\/c9590049081498dca290183b7847f51d.jpg 1200w\" sizes=\"(max-width: 800px) 100vw, 800px\" \/>\t\t\t\t\t\t\t\t\t\t\t\t\t\t\t<\/div>\n\t\t\t\t<\/div>\n\t\t<div class=\"elementor-element elementor-element-1fde027 e-con-full e-flex e-con e-child\" data-id=\"1fde027\" data-element_type=\"container\" data-e-type=\"container\">\n\t\t\t\t<div class=\"elementor-element elementor-element-f191405 elementor-widget elementor-widget-heading\" data-id=\"f191405\" data-element_type=\"widget\" data-e-type=\"widget\" data-widget_type=\"heading.default\">\n\t\t\t\t\t<h2 class=\"elementor-heading-title elementor-size-default\">Abertura, Altera\u00e7\u00e3o e Encerramento de Empresas<\/h2>\t\t\t\t<\/div>\n\t\t\t\t<div class=\"elementor-element elementor-element-84e0dc8 elementor-widget elementor-widget-text-editor\" data-id=\"84e0dc8\" data-element_type=\"widget\" data-e-type=\"widget\" data-widget_type=\"text-editor.default\">\n\t\t\t\t\t\t\t\t\t<ul><li data-start=\"1219\" data-end=\"1275\"><p data-start=\"1221\" data-end=\"1275\">An\u00e1lise de viabilidade e registro na Junta Comercial<\/p><\/li><li data-start=\"1276\" data-end=\"1334\"><p data-start=\"1278\" data-end=\"1334\">Elabora\u00e7\u00e3o de contrato social e altera\u00e7\u00f5es contratuais<\/p><\/li><li data-start=\"1335\" data-end=\"1398\"><p data-start=\"1337\" data-end=\"1398\">Enquadramento tribut\u00e1rio ideal (Simples, Presumido ou Real)<\/p><\/li><li data-start=\"1399\" data-end=\"1431\"><p data-start=\"1401\" data-end=\"1431\">Baixa e encerramento de CNPJ<\/p><\/li><li data-start=\"1432\" data-end=\"1485\"><p data-start=\"1434\" data-end=\"1485\">Regulariza\u00e7\u00e3o de empresas e atualiza\u00e7\u00e3o cadastral<\/p><\/li><\/ul>\t\t\t\t\t\t\t\t<\/div>\n\t\t\t\t<\/div>\n\t\t\t\t<\/div>\n\t\t\t\t\t<\/div>\n\t\t\t\t<\/div>\n\t\t<div class=\"elementor-element elementor-element-d3a6a8a e-flex e-con-boxed e-con e-parent\" data-id=\"d3a6a8a\" data-element_type=\"container\" data-e-type=\"container\" data-settings=\"{&quot;background_background&quot;:&quot;classic&quot;}\">\n\t\t\t\t\t<div class=\"e-con-inner\">\n\t\t<div class=\"elementor-element elementor-element-bcb1d82 e-con-full e-flex e-con e-child\" data-id=\"bcb1d82\" data-element_type=\"container\" data-e-type=\"container\">\n\t\t<div class=\"elementor-element elementor-element-804a8dd e-con-full e-flex e-con e-child\" data-id=\"804a8dd\" data-element_type=\"container\" data-e-type=\"container\">\n\t\t\t\t<div class=\"elementor-element elementor-element-7f26c61 elementor-widget elementor-widget-heading\" data-id=\"7f26c61\" data-element_type=\"widget\" data-e-type=\"widget\" data-widget_type=\"heading.default\">\n\t\t\t\t\t<h2 class=\"elementor-heading-title elementor-size-default\">Consultoria e Gest\u00e3o Empresarial<\/h2>\t\t\t\t<\/div>\n\t\t\t\t<div class=\"elementor-element elementor-element-59449c4 elementor-widget elementor-widget-text-editor\" data-id=\"59449c4\" data-element_type=\"widget\" data-e-type=\"widget\" data-widget_type=\"text-editor.default\">\n\t\t\t\t\t\t\t\t\t<ul><li data-start=\"1536\" data-end=\"1573\"><p data-start=\"1538\" data-end=\"1573\">An\u00e1lise de custos e rentabilidade<\/p><\/li><li data-start=\"1574\" data-end=\"1616\"><p data-start=\"1576\" data-end=\"1616\">Planejamento financeiro e or\u00e7ament\u00e1rio<\/p><\/li><li data-start=\"1617\" data-end=\"1660\"><p data-start=\"1619\" data-end=\"1660\">Consultoria em gest\u00e3o cont\u00e1bil e fiscal<\/p><\/li><li data-start=\"1661\" data-end=\"1716\"><p data-start=\"1663\" data-end=\"1716\">Organiza\u00e7\u00e3o e digitaliza\u00e7\u00e3o de documentos cont\u00e1beis<\/p><\/li><li data-start=\"1717\" data-end=\"1775\"><p data-start=\"1719\" data-end=\"1775\">Acompanhamento estrat\u00e9gico de indicadores empresariais<\/p><\/li><\/ul>\t\t\t\t\t\t\t\t<\/div>\n\t\t\t\t<\/div>\n\t\t<div class=\"elementor-element elementor-element-992c6a8 e-con-full e-flex e-con e-child\" data-id=\"992c6a8\" data-element_type=\"container\" data-e-type=\"container\">\n\t\t\t\t<div class=\"elementor-element elementor-element-da41d47 elementor-widget elementor-widget-image\" data-id=\"da41d47\" data-element_type=\"widget\" data-e-type=\"widget\" data-widget_type=\"image.default\">\n\t\t\t\t\t\t\t\t\t\t\t\t\t\t\t<img loading=\"lazy\" decoding=\"async\" width=\"678\" height=\"452\" src=\"https:\/\/conttechcontabilidade.com\/wp-content\/uploads\/2025\/11\/109ee385971d50218b28256a0073873c.jpg\" class=\"attachment-large size-large wp-image-255\" alt=\"\" srcset=\"https:\/\/conttechcontabilidade.com\/wp-content\/uploads\/2025\/11\/109ee385971d50218b28256a0073873c.jpg 678w, https:\/\/conttechcontabilidade.com\/wp-content\/uploads\/2025\/11\/109ee385971d50218b28256a0073873c-300x200.jpg 300w\" sizes=\"(max-width: 678px) 100vw, 678px\" \/>\t\t\t\t\t\t\t\t\t\t\t\t\t\t\t<\/div>\n\t\t\t\t<\/div>\n\t\t\t\t<\/div>\n\t\t\t\t\t<\/div>\n\t\t\t\t<\/div>\n\t\t<div class=\"elementor-element elementor-element-6114d4e e-flex e-con-boxed e-con e-parent\" data-id=\"6114d4e\" data-element_type=\"container\" data-e-type=\"container\">\n\t\t\t\t\t<div class=\"e-con-inner\">\n\t\t\t\t<div class=\"elementor-element elementor-element-6232735 elementor-widget elementor-widget-heading\" data-id=\"6232735\" data-element_type=\"widget\" data-e-type=\"widget\" data-widget_type=\"heading.default\">\n\t\t\t\t\t<h2 class=\"elementor-heading-title elementor-size-default\">Consulte mais servi\u00e7os <\/h2>\t\t\t\t<\/div>\n\t\t\t\t<div class=\"elementor-element elementor-element-e3b396f elementor-widget elementor-widget-text-editor\" data-id=\"e3b396f\" data-element_type=\"widget\" data-e-type=\"widget\" data-widget_type=\"text-editor.default\">\n\t\t\t\t\t\t\t\t\t<p>Acesses nosso canais de atendimento para consulta o que deseja.<\/p>\t\t\t\t\t\t\t\t<\/div>\n\t\t\t\t\t<\/div>\n\t\t\t\t<\/div>\n\t\t<div class=\"elementor-element elementor-element-7518593 e-flex e-con-boxed e-con e-parent\" data-id=\"7518593\" data-element_type=\"container\" data-e-type=\"container\">\n\t\t\t\t\t<div class=\"e-con-inner\">\n\t\t<div class=\"elementor-element elementor-element-401caad e-con-full e-flex e-con e-child\" data-id=\"401caad\" data-element_type=\"container\" data-e-type=\"container\">\n\t\t\t\t<div class=\"elementor-element elementor-element-3c330e7 elementor-widget elementor-widget-button\" data-id=\"3c330e7\" data-element_type=\"widget\" data-e-type=\"widget\" data-widget_type=\"button.default\">\n\t\t\t\t\t\t\t\t\t\t<a class=\"elementor-button elementor-button-link elementor-size-sm\" href=\"https:\/\/wa.me\/5511996360109\">\n\t\t\t\t\t\t<span class=\"elementor-button-content-wrapper\">\n\t\t\t\t\t\t\t\t\t<span class=\"elementor-button-text\">Certificado Digital<\/span>\n\t\t\t\t\t<\/span>\n\t\t\t\t\t<\/a>\n\t\t\t\t\t\t\t\t<\/div>\n\t\t\t\t<div class=\"elementor-element elementor-element-5722bb8 elementor-widget elementor-widget-button\" data-id=\"5722bb8\" data-element_type=\"widget\" data-e-type=\"widget\" data-widget_type=\"button.default\">\n\t\t\t\t\t\t\t\t\t\t<a class=\"elementor-button elementor-button-link elementor-size-sm\" href=\"https:\/\/wa.me\/5511996360109\">\n\t\t\t\t\t\t<span class=\"elementor-button-content-wrapper\">\n\t\t\t\t\t\t\t\t\t<span class=\"elementor-button-text\">Para Pessoa Fisica<\/span>\n\t\t\t\t\t<\/span>\n\t\t\t\t\t<\/a>\n\t\t\t\t\t\t\t\t<\/div>\n\t\t\t\t<div class=\"elementor-element elementor-element-a11e334 elementor-widget elementor-widget-button\" data-id=\"a11e334\" data-element_type=\"widget\" data-e-type=\"widget\" data-widget_type=\"button.default\">\n\t\t\t\t\t\t\t\t\t\t<a class=\"elementor-button elementor-button-link elementor-size-sm\" href=\"https:\/\/wa.me\/5511996360109\">\n\t\t\t\t\t\t<span class=\"elementor-button-content-wrapper\">\n\t\t\t\t\t\t\t\t\t<span class=\"elementor-button-text\">Trabalhista <\/span>\n\t\t\t\t\t<\/span>\n\t\t\t\t\t<\/a>\n\t\t\t\t\t\t\t\t<\/div>\n\t\t\t\t<div class=\"elementor-element elementor-element-bee992b elementor-widget elementor-widget-button\" data-id=\"bee992b\" data-element_type=\"widget\" data-e-type=\"widget\" data-widget_type=\"button.default\">\n\t\t\t\t\t\t\t\t\t\t<a class=\"elementor-button elementor-button-link elementor-size-sm\" href=\"https:\/\/wa.me\/5511996360109\">\n\t\t\t\t\t\t<span class=\"elementor-button-content-wrapper\">\n\t\t\t\t\t\t\t\t\t<span class=\"elementor-button-text\">C\u00e1lculos <\/span>\n\t\t\t\t\t<\/span>\n\t\t\t\t\t<\/a>\n\t\t\t\t\t\t\t\t<\/div>\n\t\t\t\t<div class=\"elementor-element elementor-element-4e90313 elementor-widget elementor-widget-button\" data-id=\"4e90313\" data-element_type=\"widget\" data-e-type=\"widget\" data-widget_type=\"button.default\">\n\t\t\t\t\t\t\t\t\t\t<a class=\"elementor-button elementor-button-link elementor-size-sm\" href=\"https:\/\/wa.me\/5511996360109\">\n\t\t\t\t\t\t<span class=\"elementor-button-content-wrapper\">\n\t\t\t\t\t\t\t\t\t<span class=\"elementor-button-text\">Para Advogados <\/span>\n\t\t\t\t\t<\/span>\n\t\t\t\t\t<\/a>\n\t\t\t\t\t\t\t\t<\/div>\n\t\t\t\t<div class=\"elementor-element elementor-element-cf640e6 elementor-widget elementor-widget-button\" data-id=\"cf640e6\" data-element_type=\"widget\" data-e-type=\"widget\" data-widget_type=\"button.default\">\n\t\t\t\t\t\t\t\t\t\t<a class=\"elementor-button elementor-button-link elementor-size-sm\" href=\"https:\/\/wa.me\/5511996360109\">\n\t\t\t\t\t\t<span class=\"elementor-button-content-wrapper\">\n\t\t\t\t\t\t\t\t\t<span class=\"elementor-button-text\">outros <\/span>\n\t\t\t\t\t<\/span>\n\t\t\t\t\t<\/a>\n\t\t\t\t\t\t\t\t<\/div>\n\t\t\t\t<\/div>\n\t\t\t\t\t<\/div>\n\t\t\t\t<\/div>\n\t\t\t\t<\/div>\n\t\t","protected":false},"excerpt":{"rendered":"<p>Nossos servi\u00e7os Contabilidade Geral Escritura\u00e7\u00e3o cont\u00e1bil completa Elabora\u00e7\u00e3o do Balan\u00e7o Patrimonial e DRE Controle de ativo imobilizado Concilia\u00e7\u00e3o e classifica\u00e7\u00e3o cont\u00e1bil Emiss\u00e3o de relat\u00f3rios gerenciais e demonstrativos financeiros \u00c1rea Fiscal e Tribut\u00e1ria Apura\u00e7\u00e3o de tributos&nbsp; Entrega de obriga\u00e7\u00f5es acess\u00f3rias (SPED, EFD, DCTF, DIRF, DEFIS, etc.) Planejamento tribut\u00e1rio para redu\u00e7\u00e3o de carga fiscal Emiss\u00e3o e orienta\u00e7\u00e3o [&hellip;]<\/p>\n","protected":false},"author":1,"featured_media":0,"parent":0,"menu_order":0,"comment_status":"closed","ping_status":"closed","template":"elementor_header_footer","meta":{"footnotes":""},"class_list":["post-29","page","type-page","status-publish","hentry"],"_links":{"self":[{"href":"https:\/\/conttechcontabilidade.com\/index.php?rest_route=\/wp\/v2\/pages\/29","targetHints":{"allow":["GET"]}}],"collection":[{"href":"https:\/\/conttechcontabilidade.com\/index.php?rest_route=\/wp\/v2\/pages"}],"about":[{"href":"https:\/\/conttechcontabilidade.com\/index.php?rest_route=\/wp\/v2\/types\/page"}],"author":[{"embeddable":true,"href":"https:\/\/conttechcontabilidade.com\/index.php?rest_route=\/wp\/v2\/users\/1"}],"replies":[{"embeddable":true,"href":"https:\/\/conttechcontabilidade.com\/index.php?rest_route=%2Fwp%2Fv2%2Fcomments&post=29"}],"version-history":[{"count":35,"href":"https:\/\/conttechcontabilidade.com\/index.php?rest_route=\/wp\/v2\/pages\/29\/revisions"}],"predecessor-version":[{"id":441,"href":"https:\/\/conttechcontabilidade.com\/index.php?rest_route=\/wp\/v2\/pages\/29\/revisions\/441"}],"wp:attachment":[{"href":"https:\/\/conttechcontabilidade.com\/index.php?rest_route=%2Fwp%2Fv2%2Fmedia&parent=29"}],"curies":[{"name":"wp","href":"https:\/\/api.w.org\/{rel}","templated":true}]}}